{"id":361,"date":"2020-06-11T09:32:29","date_gmt":"2020-06-11T07:32:29","guid":{"rendered":"https:\/\/metsaluige.ee\/kamping\/"},"modified":"2025-07-10T14:16:12","modified_gmt":"2025-07-10T12:16:12","slug":"basic-cottages","status":"publish","type":"page","link":"https:\/\/www.metsaluige.ee\/en\/accommodation\/basic-cottages\/","title":{"rendered":"Basic cottages"},"content":{"rendered":"<div class=\"wpb-content-wrapper\">[vc_row fullwidth=&#8221;true&#8221; fullwidth_content=&#8221;false&#8221; equal_columns=&#8221;true&#8221; css=&#8221;.vc_custom_1593603230908{padding-top: 3rem !important;padding-bottom: 3rem !important;}&#8221; el_class=&#8221;vertical-middle&#8221;][vc_column width=&#8221;1\/2&#8243;][vc_column_text css=&#8221;.vc_custom_1752149746581{margin-bottom: 0px !important;}&#8221;]\n<h1>Basic cottage<\/h1>\n<p><strong>The camping cabins are <\/strong>simple cabins of approx. 12 m2, with a nice terrace of approx. 6 m2 in front. Each cabin is furnished with beds, a table and chairs. The light table and chairs can be easily moved to your terrace to enjoy the summer weather. The campsites have electric heating.<\/p>\n<p><strong>There are<\/strong> camping cabins for both smaller groups (up to 2 people) and slightly larger groups (up to 4 people).<\/p>\n<p><strong>The service house<\/strong> has 9 showers and 9 toilets and a toilet for the disabled. In addition, 2 fully automatic washing machines and a dryer are available at an additional cost.<\/p>\n<h5>Prices<\/h5>\n<table border=\"0\">\n<tbody>\n<tr>\n<td data-title=\"\"><strong>2-bed basic cottage *<\/strong><\/td>\n<td data-title=\"\"><strong>54.00 \u20ac \/ night<\/strong><\/td>\n<\/tr>\n<tr>\n<td data-title=\"\"><strong>3-bed basic cottage *<\/strong><\/td>\n<td data-title=\"\"><strong>66.00 \u20ac \/ night<\/strong><\/td>\n<\/tr>\n<tr>\n<td data-title=\"\"><strong>4-bed basic cottage *<\/strong><\/td>\n<td data-title=\"\"><strong>80.00 \u20ac \/ night<\/strong><\/td>\n<\/tr>\n<\/tbody>\n<\/table>\n<table border=\"0\">\n<tbody>\n<tr>\n<td data-title=\"\"><strong>Deluxe 2-bed wooden camping<\/strong><\/td>\n<td data-title=\"\"><strong>60.00 \u20ac \/ night<\/strong><\/td>\n<\/tr>\n<tr>\n<td data-title=\"\"><strong>Deluxe 4-person wooden camping<\/strong><\/td>\n<td data-title=\"\"><strong>90.00 \u20ac \/ night<\/strong><\/td>\n<\/tr>\n<tr>\n<td data-title=\"\"><strong>Deluxe 5-person wooden camping<\/strong><\/td>\n<td style=\"text-align: left;\" data-title=\"\"><strong>108.00 \u20ac \/ night<\/strong><\/td>\n<\/tr>\n<\/tbody>\n<\/table>\n[\/vc_column_text][mk_button dimension=&#8221;outline&#8221; size=&#8221;large&#8221; url=&#8221;https:\/\/bouk.io\/booking\/metsaluige\/454\/rooms\/124?language=et&amp;adults=2&#8243; align=&#8221;center&#8221;]BOOK NOW[\/mk_button][\/vc_column][vc_column width=&#8221;1\/2&#8243;][mk_image src=&#8221;https:\/\/metsaluige.ee\/wp-content\/uploads\/2020\/06\/p1611651-2-scaled.jpg&#8221; image_size=&#8221;full&#8221;][\/vc_column][\/vc_row][vc_row fullwidth=&#8221;true&#8221; fullwidth_content=&#8221;false&#8221; equal_columns=&#8221;true&#8221; css=&#8221;.vc_custom_1591875951743{padding-top: 3rem !important;padding-bottom: 3rem !important;background-color: #fcfcfc !important;}&#8221; el_class=&#8221;vertical-middle&#8221;][vc_column width=&#8221;1\/2&#8243;][vc_row_inner][vc_column_inner width=&#8221;3\/4&#8243;][vc_single_image image=&#8221;1905&#8243; img_size=&#8221;full&#8221; css=&#8221;&#8221;][\/vc_column_inner][\/vc_row_inner][\/vc_column][vc_column width=&#8221;1\/2&#8243;][vc_column_text css=&#8221;.vc_custom_1752149618380{margin-bottom: 0px !important;}&#8221;]<strong>The rental price of the house includes<\/strong>: <span class=\"Y2IQFc\" lang=\"en\">All camping houses include beds, blankets, pillows, bed linen, electricity, plus use of an outdoor kitchen and shower &#8211; toilet in a separate house, <\/span>Wi-Fi, free parking.<\/p>\n<p><strong>Payment for the reservation<\/strong> is based on the total amount of the order in advance!<\/p>\n<p><strong>In case of cancellation<\/strong> of the reservation, the prepaid amount <a href=\"https:\/\/visitestonia.com\/en\/metsaluige-camping-and-caravan-park\" target=\"_blank\" rel=\"noopener\">is<\/a> not refundable! The reservation time can be changed once according to the agreement with <a href=\"https:\/\/metsaluige.ee\/en\/contact\/\" target=\"_blank\" rel=\"noopener\">Metsaluige Tourism Farm<\/a>.<\/p>\n<p><strong>Check-in on the day of arrival from 15:00<\/strong><\/p>\n<p><strong>Check-out on the day of departure until 12:00<\/strong>[\/vc_column_text][\/vc_column][\/vc_row][vc_row fullwidth=&#8221;true&#8221; fullwidth_content=&#8221;false&#8221; equal_columns=&#8221;true&#8221; css=&#8221;.vc_custom_1593603233762{padding-top: 3rem !important;padding-bottom: 2rem !important;}&#8221; el_class=&#8221;vertical-middle&#8221;][vc_column width=&#8221;1\/3&#8243;][mk_image src=&#8221;https:\/\/metsaluige.ee\/wp-content\/uploads\/2020\/06\/20200626_151633-scaled.jpg&#8221; image_height=&#8221;550&#8243;][\/vc_column][vc_column width=&#8221;1\/3&#8243;][mk_image src=&#8221;https:\/\/metsaluige.ee\/wp-content\/uploads\/2020\/06\/p1622252-scaled.jpg&#8221; image_height=&#8221;550&#8243;][\/vc_column][vc_column width=&#8221;1\/3&#8243;][mk_image src=&#8221;https:\/\/metsaluige.ee\/wp-content\/uploads\/2020\/06\/p1622247-hdr-scaled.jpg&#8221; image_height=&#8221;550&#8243;][\/vc_column][\/vc_row][vc_row css=&#8221;.vc_custom_1593178887966{padding-bottom: 3rem !important;}&#8221;][vc_column width=&#8221;1\/3&#8243;][mk_button dimension=&#8221;outline&#8221; size=&#8221;large&#8221; url=&#8221;https:\/\/metsaluige.en\/&#8221; align=&#8221;center&#8221;]Main page[\/mk_button][\/vc_column][vc_column width=&#8221;1\/3&#8243;][mk_button dimension=&#8221;outline&#8221; size=&#8221;large&#8221; url=&#8221;https:\/\/metsaluige.ee\/en\/contact\/&#8221; align=&#8221;center&#8221;]Contact us![\/mk_button][\/vc_column][vc_column width=&#8221;1\/3&#8243;][mk_button dimension=&#8221;outline&#8221; size=&#8221;large&#8221; url=&#8221;https:\/\/metsaluige.ee\/cafe-restaurant\/&#8221; align=&#8221;center&#8221;]Cafe-restaurant[\/mk_button][\/vc_column][\/vc_row]\n<\/div>","protected":false},"excerpt":{"rendered":"<p>[vc_row fullwidth=&#8221;true&#8221; fullwidth_content=&#8221;false&#8221; equal_columns=&#8221;true&#8221; css=&#8221;.vc_custom_1593603230908{padding-top: 3rem !important;padding-bottom: 3rem !important;}&#8221; el_class=&#8221;vertical-middle&#8221;][vc_column width=&#8221;1\/2&#8243;][vc_column_text css=&#8221;.vc_custom_1752149746581{margin-bottom: 0px !important;}&#8221;] Basic cottage The camping cabins are simple cabins of approx. 12 m2, with a nice terrace of approx. 6 m2 in front. Each cabin is furnished with beds, a table and chairs. The light table and chairs can be easily moved [&hellip;]<\/p>\n","protected":false},"author":2,"featured_media":0,"parent":1219,"menu_order":0,"comment_status":"closed","ping_status":"closed","template":"","meta":{"_acf_changed":false,"rs_blank_template":"","rs_page_bg_color":"","slide_template_v7":"","_monsterinsights_skip_tracking":false,"_monsterinsights_sitenote_active":false,"_monsterinsights_sitenote_note":"","_monsterinsights_sitenote_category":0,"footnotes":""},"class_list":["post-361","page","type-page","status-publish","hentry"],"acf":[],"yoast_head":"<!-- This site is optimized with the Yoast SEO plugin v27.4 - https:\/\/yoast.com\/product\/yoast-seo-wordpress\/ -->\n<title>Basic cottages &#8211; Metsaluige Turismitalu ja karavanipark<\/title>\n<meta name=\"description\" content=\"Stay in 2\u20134 person basic cottage, camping huts at Metsaluige \u2013 equipped with beds, bedding, pillows, duvets, and electricity.\" \/>\n<meta name=\"robots\" content=\"index, follow, max-snippet:-1, max-image-preview:large, max-video-preview:-1\" \/>\n<link rel=\"canonical\" href=\"https:\/\/www.metsaluige.ee\/en\/accommodation\/basic-cottages\/\" \/>\n<meta property=\"og:locale\" content=\"en_US\" \/>\n<meta property=\"og:type\" content=\"article\" \/>\n<meta property=\"og:title\" content=\"Basic cottages &#8211; Metsaluige Turismitalu ja karavanipark\" \/>\n<meta property=\"og:description\" content=\"Stay in 2\u20134 person basic cottage, camping huts at Metsaluige \u2013 equipped with beds, bedding, pillows, duvets, and electricity.\" \/>\n<meta property=\"og:url\" content=\"https:\/\/www.metsaluige.ee\/en\/accommodation\/basic-cottages\/\" \/>\n<meta property=\"og:site_name\" content=\"Metsaluige Turismitalu ja karavanipark\" \/>\n<meta property=\"article:publisher\" content=\"https:\/\/www.facebook.com\/metsaluige\/\" \/>\n<meta property=\"article:modified_time\" content=\"2025-07-10T12:16:12+00:00\" \/>\n<meta name=\"twitter:card\" content=\"summary_large_image\" \/>\n<meta name=\"twitter:label1\" content=\"Est. reading time\" \/>\n\t<meta name=\"twitter:data1\" content=\"3 minutes\" \/>\n<script type=\"application\/ld+json\" class=\"yoast-schema-graph\">{\"@context\":\"https:\\\/\\\/schema.org\",\"@graph\":[{\"@type\":\"WebPage\",\"@id\":\"https:\\\/\\\/www.metsaluige.ee\\\/en\\\/accommodation\\\/basic-cottages\\\/\",\"url\":\"https:\\\/\\\/www.metsaluige.ee\\\/en\\\/accommodation\\\/basic-cottages\\\/\",\"name\":\"Basic cottages &#8211; Metsaluige Turismitalu ja karavanipark\",\"isPartOf\":{\"@id\":\"https:\\\/\\\/www.metsaluige.ee\\\/en\\\/#website\"},\"datePublished\":\"2020-06-11T07:32:29+00:00\",\"dateModified\":\"2025-07-10T12:16:12+00:00\",\"description\":\"Stay in 2\u20134 person basic cottage, camping huts at Metsaluige \u2013 equipped with beds, bedding, pillows, duvets, and electricity.\",\"breadcrumb\":{\"@id\":\"https:\\\/\\\/www.metsaluige.ee\\\/en\\\/accommodation\\\/basic-cottages\\\/#breadcrumb\"},\"inLanguage\":\"en-US\",\"potentialAction\":[{\"@type\":\"ReadAction\",\"target\":[\"https:\\\/\\\/www.metsaluige.ee\\\/en\\\/accommodation\\\/basic-cottages\\\/\"]}]},{\"@type\":\"BreadcrumbList\",\"@id\":\"https:\\\/\\\/www.metsaluige.ee\\\/en\\\/accommodation\\\/basic-cottages\\\/#breadcrumb\",\"itemListElement\":[{\"@type\":\"ListItem\",\"position\":1,\"name\":\"Avaleht\",\"item\":\"https:\\\/\\\/metsaluige.ee\\\/en\\\/\"},{\"@type\":\"ListItem\",\"position\":2,\"name\":\"Accommodation\",\"item\":\"https:\\\/\\\/metsaluige.ee\\\/en\\\/accommodation\\\/\"},{\"@type\":\"ListItem\",\"position\":3,\"name\":\"Basic cottages\"}]},{\"@type\":\"WebSite\",\"@id\":\"https:\\\/\\\/www.metsaluige.ee\\\/en\\\/#website\",\"url\":\"https:\\\/\\\/www.metsaluige.ee\\\/en\\\/\",\"name\":\"Metsaluige Turismitalu ja karavanipark\",\"description\":\"Puhkus mere \u00e4\u00e4res P\u00e4rnumaal\",\"publisher\":{\"@id\":\"https:\\\/\\\/www.metsaluige.ee\\\/en\\\/#organization\"},\"potentialAction\":[{\"@type\":\"SearchAction\",\"target\":{\"@type\":\"EntryPoint\",\"urlTemplate\":\"https:\\\/\\\/www.metsaluige.ee\\\/en\\\/?s={search_term_string}\"},\"query-input\":{\"@type\":\"PropertyValueSpecification\",\"valueRequired\":true,\"valueName\":\"search_term_string\"}}],\"inLanguage\":\"en-US\"},{\"@type\":\"Organization\",\"@id\":\"https:\\\/\\\/www.metsaluige.ee\\\/en\\\/#organization\",\"name\":\"Metsaluige k\u00e4mping ja karavanipark\",\"url\":\"https:\\\/\\\/www.metsaluige.ee\\\/en\\\/\",\"logo\":{\"@type\":\"ImageObject\",\"inLanguage\":\"en-US\",\"@id\":\"https:\\\/\\\/www.metsaluige.ee\\\/en\\\/#\\\/schema\\\/logo\\\/image\\\/\",\"url\":\"https:\\\/\\\/metsaluige.ee\\\/wp-content\\\/uploads\\\/2020\\\/06\\\/luik.png\",\"contentUrl\":\"https:\\\/\\\/metsaluige.ee\\\/wp-content\\\/uploads\\\/2020\\\/06\\\/luik.png\",\"width\":1920,\"height\":1239,\"caption\":\"Metsaluige k\u00e4mping ja karavanipark\"},\"image\":{\"@id\":\"https:\\\/\\\/www.metsaluige.ee\\\/en\\\/#\\\/schema\\\/logo\\\/image\\\/\"},\"sameAs\":[\"https:\\\/\\\/www.facebook.com\\\/metsaluige\\\/\"]}]}<\/script>\n<!-- \/ Yoast SEO plugin. -->","yoast_head_json":{"title":"Basic cottages &#8211; Metsaluige Turismitalu ja karavanipark","description":"Stay in 2\u20134 person basic cottage, camping huts at Metsaluige \u2013 equipped with beds, bedding, pillows, duvets, and electricity.","robots":{"index":"index","follow":"follow","max-snippet":"max-snippet:-1","max-image-preview":"max-image-preview:large","max-video-preview":"max-video-preview:-1"},"canonical":"https:\/\/www.metsaluige.ee\/en\/accommodation\/basic-cottages\/","og_locale":"en_US","og_type":"article","og_title":"Basic cottages &#8211; Metsaluige Turismitalu ja karavanipark","og_description":"Stay in 2\u20134 person basic cottage, camping huts at Metsaluige \u2013 equipped with beds, bedding, pillows, duvets, and electricity.","og_url":"https:\/\/www.metsaluige.ee\/en\/accommodation\/basic-cottages\/","og_site_name":"Metsaluige Turismitalu ja karavanipark","article_publisher":"https:\/\/www.facebook.com\/metsaluige\/","article_modified_time":"2025-07-10T12:16:12+00:00","twitter_card":"summary_large_image","twitter_misc":{"Est. reading time":"3 minutes"},"schema":{"@context":"https:\/\/schema.org","@graph":[{"@type":"WebPage","@id":"https:\/\/www.metsaluige.ee\/en\/accommodation\/basic-cottages\/","url":"https:\/\/www.metsaluige.ee\/en\/accommodation\/basic-cottages\/","name":"Basic cottages &#8211; Metsaluige Turismitalu ja karavanipark","isPartOf":{"@id":"https:\/\/www.metsaluige.ee\/en\/#website"},"datePublished":"2020-06-11T07:32:29+00:00","dateModified":"2025-07-10T12:16:12+00:00","description":"Stay in 2\u20134 person basic cottage, camping huts at Metsaluige \u2013 equipped with beds, bedding, pillows, duvets, and electricity.","breadcrumb":{"@id":"https:\/\/www.metsaluige.ee\/en\/accommodation\/basic-cottages\/#breadcrumb"},"inLanguage":"en-US","potentialAction":[{"@type":"ReadAction","target":["https:\/\/www.metsaluige.ee\/en\/accommodation\/basic-cottages\/"]}]},{"@type":"BreadcrumbList","@id":"https:\/\/www.metsaluige.ee\/en\/accommodation\/basic-cottages\/#breadcrumb","itemListElement":[{"@type":"ListItem","position":1,"name":"Avaleht","item":"https:\/\/metsaluige.ee\/en\/"},{"@type":"ListItem","position":2,"name":"Accommodation","item":"https:\/\/metsaluige.ee\/en\/accommodation\/"},{"@type":"ListItem","position":3,"name":"Basic cottages"}]},{"@type":"WebSite","@id":"https:\/\/www.metsaluige.ee\/en\/#website","url":"https:\/\/www.metsaluige.ee\/en\/","name":"Metsaluige Turismitalu ja karavanipark","description":"Puhkus mere \u00e4\u00e4res P\u00e4rnumaal","publisher":{"@id":"https:\/\/www.metsaluige.ee\/en\/#organization"},"potentialAction":[{"@type":"SearchAction","target":{"@type":"EntryPoint","urlTemplate":"https:\/\/www.metsaluige.ee\/en\/?s={search_term_string}"},"query-input":{"@type":"PropertyValueSpecification","valueRequired":true,"valueName":"search_term_string"}}],"inLanguage":"en-US"},{"@type":"Organization","@id":"https:\/\/www.metsaluige.ee\/en\/#organization","name":"Metsaluige k\u00e4mping ja karavanipark","url":"https:\/\/www.metsaluige.ee\/en\/","logo":{"@type":"ImageObject","inLanguage":"en-US","@id":"https:\/\/www.metsaluige.ee\/en\/#\/schema\/logo\/image\/","url":"https:\/\/metsaluige.ee\/wp-content\/uploads\/2020\/06\/luik.png","contentUrl":"https:\/\/metsaluige.ee\/wp-content\/uploads\/2020\/06\/luik.png","width":1920,"height":1239,"caption":"Metsaluige k\u00e4mping ja karavanipark"},"image":{"@id":"https:\/\/www.metsaluige.ee\/en\/#\/schema\/logo\/image\/"},"sameAs":["https:\/\/www.facebook.com\/metsaluige\/"]}]}},"_links":{"self":[{"href":"https:\/\/www.metsaluige.ee\/en\/wp-json\/wp\/v2\/pages\/361","targetHints":{"allow":["GET"]}}],"collection":[{"href":"https:\/\/www.metsaluige.ee\/en\/wp-json\/wp\/v2\/pages"}],"about":[{"href":"https:\/\/www.metsaluige.ee\/en\/wp-json\/wp\/v2\/types\/page"}],"author":[{"embeddable":true,"href":"https:\/\/www.metsaluige.ee\/en\/wp-json\/wp\/v2\/users\/2"}],"replies":[{"embeddable":true,"href":"https:\/\/www.metsaluige.ee\/en\/wp-json\/wp\/v2\/comments?post=361"}],"version-history":[{"count":5,"href":"https:\/\/www.metsaluige.ee\/en\/wp-json\/wp\/v2\/pages\/361\/revisions"}],"predecessor-version":[{"id":1920,"href":"https:\/\/www.metsaluige.ee\/en\/wp-json\/wp\/v2\/pages\/361\/revisions\/1920"}],"up":[{"embeddable":true,"href":"https:\/\/www.metsaluige.ee\/en\/wp-json\/wp\/v2\/pages\/1219"}],"wp:attachment":[{"href":"https:\/\/www.metsaluige.ee\/en\/wp-json\/wp\/v2\/media?parent=361"}],"curies":[{"name":"wp","href":"https:\/\/api.w.org\/{rel}","templated":true}]}}